{"id":1723,"date":"2025-09-11T06:27:20","date_gmt":"2025-09-11T06:27:20","guid":{"rendered":"https:\/\/insurance2all.com\/?page_id=1723"},"modified":"2025-09-15T17:32:36","modified_gmt":"2025-09-15T17:32:36","slug":"medicare","status":"publish","type":"page","link":"https:\/\/insurance2all.com\/es\/medicare\/","title":{"rendered":"Medicare"},"content":{"rendered":"<div data-elementor-type=\"wp-page\" data-elementor-id=\"1723\" class=\"elementor elementor-1723\" data-elementor-post-type=\"page\">\n\t\t\t\t<div class=\"elementor-element elementor-element-7f82acb e-flex e-con-boxed e-con e-parent\" data-id=\"7f82acb\" data-element_type=\"container\" data-settings=\"{&quot;background_background&quot;:&quot;gradient&quot;}\">\n\t\t\t\t\t<div class=\"e-con-inner\">\n\t\t<div class=\"elementor-element elementor-element-534180e e-con-full e-flex e-con e-child\" data-id=\"534180e\" data-element_type=\"container\" data-settings=\"{&quot;background_background&quot;:&quot;classic&quot;}\">\n\t\t<div class=\"elementor-element elementor-element-27079c5 e-con-full e-flex e-con e-child\" data-id=\"27079c5\" data-element_type=\"container\" data-settings=\"{&quot;animation&quot;:&quot;none&quot;}\">\n\t\t\t\t<div class=\"elementor-element elementor-element-4b46d95 elementor-widget elementor-widget-heading\" data-id=\"4b46d95\" data-element_type=\"widget\" data-widget_type=\"heading.default\">\n\t\t\t\t<div class=\"elementor-widget-container\">\n\t\t\t\t\t<h1 class=\"elementor-heading-title elementor-size-default\">Medicare<\/h1>\t\t\t\t<\/div>\n\t\t\t\t<\/div>\n\t\t\t\t<div class=\"elementor-element elementor-element-8f77f5c elementor-widget elementor-widget-heading\" data-id=\"8f77f5c\" data-element_type=\"widget\" data-widget_type=\"heading.default\">\n\t\t\t\t<div class=\"elementor-widget-container\">\n\t\t\t\t\t<h2 class=\"elementor-heading-title elementor-size-default\">\u00a1Tu salud sin preocupaciones!<\/h2>\t\t\t\t<\/div>\n\t\t\t\t<\/div>\n\t\t\t\t<div class=\"elementor-element elementor-element-e60f92d elementor-widget elementor-widget-heading\" data-id=\"e60f92d\" data-element_type=\"widget\" data-widget_type=\"heading.default\">\n\t\t\t\t<div class=\"elementor-widget-container\">\n\t\t\t\t\t<p class=\"elementor-heading-title elementor-size-default\">Si tiene 65 a\u00f1os o m\u00e1s o tiene una discapacidad, Medicare le brinda cobertura m\u00e9dica, pero\u2026 \u00bfsab\u00eda que a\u00fan puede cubrir el 100% de sus gastos?<\/p>\t\t\t\t<\/div>\n\t\t\t\t<\/div>\n\t\t\t\t<\/div>\n\t\t<div class=\"elementor-element elementor-element-85a8559 e-con-full e-flex e-con e-child\" data-id=\"85a8559\" data-element_type=\"container\">\n\t\t\t\t<div class=\"elementor-element elementor-element-e3707d9 elementor-widget elementor-widget-image\" data-id=\"e3707d9\" data-element_type=\"widget\" data-widget_type=\"image.default\">\n\t\t\t\t<div class=\"elementor-widget-container\">\n\t\t\t\t\t\t\t\t\t\t\t\t\t\t\t<img fetchpriority=\"high\" decoding=\"async\" width=\"1024\" height=\"717\" src=\"https:\/\/insurance2all.com\/wp-content\/uploads\/2025\/03\/WhatsApp-Image-2025-03-10-at-12.51.09-PM-1024x717.jpeg\" class=\"attachment-large size-large wp-image-1388\" alt=\"Old-family\" srcset=\"https:\/\/insurance2all.com\/wp-content\/uploads\/2025\/03\/WhatsApp-Image-2025-03-10-at-12.51.09-PM-1024x717.jpeg 1024w, https:\/\/insurance2all.com\/wp-content\/uploads\/2025\/03\/WhatsApp-Image-2025-03-10-at-12.51.09-PM-300x210.jpeg 300w, https:\/\/insurance2all.com\/wp-content\/uploads\/2025\/03\/WhatsApp-Image-2025-03-10-at-12.51.09-PM-768x538.jpeg 768w, https:\/\/insurance2all.com\/wp-content\/uploads\/2025\/03\/WhatsApp-Image-2025-03-10-at-12.51.09-PM-18x12.jpeg 18w, https:\/\/insurance2all.com\/wp-content\/uploads\/2025\/03\/WhatsApp-Image-2025-03-10-at-12.51.09-PM.jpeg 1085w\" sizes=\"(max-width: 1024px) 100vw, 1024px\" \/>\t\t\t\t\t\t\t\t\t\t\t\t\t\t\t<\/div>\n\t\t\t\t<\/div>\n\t\t\t\t<\/div>\n\t\t\t\t<\/div>\n\t\t\t\t\t<\/div>\n\t\t\t\t<\/div>\n\t\t<div class=\"elementor-element elementor-element-e9569e1 e-flex e-con-boxed e-con e-parent\" data-id=\"e9569e1\" data-element_type=\"container\">\n\t\t\t\t\t<div class=\"e-con-inner\">\n\t\t\t\t<div class=\"elementor-element elementor-element-00171d5 elementor-widget-divider--view-line elementor-widget elementor-widget-divider\" data-id=\"00171d5\" data-element_type=\"widget\" data-widget_type=\"divider.default\">\n\t\t\t\t<div class=\"elementor-widget-container\">\n\t\t\t\t\t\t\t<div class=\"elementor-divider\">\n\t\t\t<span class=\"elementor-divider-separator\">\n\t\t\t\t\t\t<\/span>\n\t\t<\/div>\n\t\t\t\t\t\t<\/div>\n\t\t\t\t<\/div>\n\t\t\t\t\t<\/div>\n\t\t\t\t<\/div>\n\t\t<div class=\"elementor-element elementor-element-a1d17ad e-flex e-con-boxed e-con e-parent\" data-id=\"a1d17ad\" data-element_type=\"container\">\n\t\t\t\t\t<div class=\"e-con-inner\">\n\t\t\t\t<div class=\"elementor-element elementor-element-65e87ce elementor-widget elementor-widget-heading\" data-id=\"65e87ce\" data-element_type=\"widget\" data-widget_type=\"heading.default\">\n\t\t\t\t<div class=\"elementor-widget-container\">\n\t\t\t\t\t<h2 class=\"elementor-heading-title elementor-size-default translation-block\">\u00bfQui\u00e9n puede <span style=\"color: #5bc169\">aplicar<\/span>?<\/h2>\t\t\t\t<\/div>\n\t\t\t\t<\/div>\n\t\t\t\t<div class=\"elementor-element elementor-element-3865547 elementor-align-left elementor-widget-tablet__width-initial elementor-widget-mobile__width-initial elementor-icon-list--layout-traditional elementor-list-item-link-full_width elementor-widget elementor-widget-icon-list\" data-id=\"3865547\" data-element_type=\"widget\" data-widget_type=\"icon-list.default\">\n\t\t\t\t<div class=\"elementor-widget-container\">\n\t\t\t\t\t\t\t<ul class=\"elementor-icon-list-items\">\n\t\t\t\t\t\t\t<li class=\"elementor-icon-list-item\">\n\t\t\t\t\t\t\t\t\t\t\t<span class=\"elementor-icon-list-icon\">\n\t\t\t\t\t\t\t<svg aria-hidden=\"true\" class=\"e-font-icon-svg e-fas-check\" viewbox=\"0 0 512 512\" xmlns=\"http:\/\/www.w3.org\/2000\/svg\"><path d=\"M173.898 439.404l-166.4-166.4c-9.997-9.997-9.997-26.206 0-36.204l36.203-36.204c9.997-9.998 26.207-9.998 36.204 0L192 312.69 432.095 72.596c9.997-9.997 26.207-9.997 36.204 0l36.203 36.204c9.997 9.997 9.997 26.206 0 36.204l-294.4 294.401c-9.998 9.997-26.207 9.997-36.204-.001z\"><\/path><\/svg>\t\t\t\t\t\t<\/span>\n\t\t\t\t\t\t\t\t\t\t<span class=\"elementor-icon-list-text\">Parte A: Hospitalizaci\u00f3n, cuidados paliativos y atenci\u00f3n m\u00e9dica domiciliaria.<\/span>\n\t\t\t\t\t\t\t\t\t<\/li>\n\t\t\t\t\t\t\t\t<li class=\"elementor-icon-list-item\">\n\t\t\t\t\t\t\t\t\t\t\t<span class=\"elementor-icon-list-icon\">\n\t\t\t\t\t\t\t<svg aria-hidden=\"true\" class=\"e-font-icon-svg e-fas-check\" viewbox=\"0 0 512 512\" xmlns=\"http:\/\/www.w3.org\/2000\/svg\"><path d=\"M173.898 439.404l-166.4-166.4c-9.997-9.997-9.997-26.206 0-36.204l36.203-36.204c9.997-9.998 26.207-9.998 36.204 0L192 312.69 432.095 72.596c9.997-9.997 26.207-9.997 36.204 0l36.203 36.204c9.997 9.997 9.997 26.206 0 36.204l-294.4 294.401c-9.998 9.997-26.207 9.997-36.204-.001z\"><\/path><\/svg>\t\t\t\t\t\t<\/span>\n\t\t\t\t\t\t\t\t\t\t<span class=\"elementor-icon-list-text\">Parte B: Visitas al m\u00e9dico, atenci\u00f3n ambulatoria y servicios preventivos.<\/span>\n\t\t\t\t\t\t\t\t\t<\/li>\n\t\t\t\t\t\t\t\t<li class=\"elementor-icon-list-item\">\n\t\t\t\t\t\t\t\t\t\t\t<span class=\"elementor-icon-list-icon\">\n\t\t\t\t\t\t\t<svg aria-hidden=\"true\" class=\"e-font-icon-svg e-fas-check\" viewbox=\"0 0 512 512\" xmlns=\"http:\/\/www.w3.org\/2000\/svg\"><path d=\"M173.898 439.404l-166.4-166.4c-9.997-9.997-9.997-26.206 0-36.204l36.203-36.204c9.997-9.998 26.207-9.998 36.204 0L192 312.69 432.095 72.596c9.997-9.997 26.207-9.997 36.204 0l36.203 36.204c9.997 9.997 9.997 26.206 0 36.204l-294.4 294.401c-9.998 9.997-26.207 9.997-36.204-.001z\"><\/path><\/svg>\t\t\t\t\t\t<\/span>\n\t\t\t\t\t\t\t\t\t\t<span class=\"elementor-icon-list-text\">Medicare Advantage (Parte C): cobertura integral con beneficios adicionales como visi\u00f3n, audici\u00f3n y cobertura dental.<\/span>\n\t\t\t\t\t\t\t\t\t<\/li>\n\t\t\t\t\t\t\t\t<li class=\"elementor-icon-list-item\">\n\t\t\t\t\t\t\t\t\t\t\t<span class=\"elementor-icon-list-icon\">\n\t\t\t\t\t\t\t<svg aria-hidden=\"true\" class=\"e-font-icon-svg e-fas-check\" viewbox=\"0 0 512 512\" xmlns=\"http:\/\/www.w3.org\/2000\/svg\"><path d=\"M173.898 439.404l-166.4-166.4c-9.997-9.997-9.997-26.206 0-36.204l36.203-36.204c9.997-9.998 26.207-9.998 36.204 0L192 312.69 432.095 72.596c9.997-9.997 26.207-9.997 36.204 0l36.203 36.204c9.997 9.997 9.997 26.206 0 36.204l-294.4 294.401c-9.998 9.997-26.207 9.997-36.204-.001z\"><\/path><\/svg>\t\t\t\t\t\t<\/span>\n\t\t\t\t\t\t\t\t\t\t<span class=\"elementor-icon-list-text\">Parte D: Medicamentos recetados, \u00a1incluidos en nuestros planes Medicare Advantage!<\/span>\n\t\t\t\t\t\t\t\t\t<\/li>\n\t\t\t\t\t\t<\/ul>\n\t\t\t\t\t\t<\/div>\n\t\t\t\t<\/div>\n\t\t\t\t\t<\/div>\n\t\t\t\t<\/div>\n\t\t<div class=\"elementor-element elementor-element-fe0476b e-con-full e-flex e-con e-parent\" data-id=\"fe0476b\" data-element_type=\"container\">\n\t\t\t\t<div class=\"elementor-element elementor-element-b1843d6 elementor-widget__width-inherit elementor-widget elementor-widget-shortcode\" data-id=\"b1843d6\" data-element_type=\"widget\" data-widget_type=\"shortcode.default\">\n\t\t\t\t<div class=\"elementor-widget-container\">\n\t\t\t\t\t\t\t<div class=\"elementor-shortcode\">\t\t<div data-elementor-type=\"container\" data-elementor-id=\"2391\" class=\"elementor elementor-2391\" data-elementor-post-type=\"elementor_library\">\n\t\t\t\t<div class=\"elementor-element elementor-element-27c56e3b e-flex e-con-boxed e-con e-parent\" data-id=\"27c56e3b\" data-element_type=\"container\" data-settings=\"{&quot;background_background&quot;:&quot;classic&quot;,&quot;animation&quot;:&quot;none&quot;}\">\n\t\t\t\t\t<div class=\"e-con-inner\">\n\t\t\t\t<div class=\"elementor-element elementor-element-68594691 elementor-widget elementor-widget-heading\" data-id=\"68594691\" data-element_type=\"widget\" data-widget_type=\"heading.default\">\n\t\t\t\t<div class=\"elementor-widget-container\">\n\t\t\t\t\t<h2 class=\"elementor-heading-title elementor-size-default\">\u00a1Ll\u00e1manos hoy! <\/h2>\t\t\t\t<\/div>\n\t\t\t\t<\/div>\n\t\t\t\t<div class=\"elementor-element elementor-element-4ca8481e elementor-widget elementor-widget-heading\" data-id=\"4ca8481e\" data-element_type=\"widget\" data-widget_type=\"heading.default\">\n\t\t\t\t<div class=\"elementor-widget-container\">\n\t\t\t\t\t<p class=\"elementor-heading-title elementor-size-default\">Te ayudaremos a encontrar el plan perfecto para que puedas concentrarte en lo que m\u00e1s importa: \u00a1tu salud!<\/p>\t\t\t\t<\/div>\n\t\t\t\t<\/div>\n\t\t<div class=\"elementor-element elementor-element-4d7d1ef8 e-con-full e-flex e-con e-child\" data-id=\"4d7d1ef8\" data-element_type=\"container\">\n\t\t\t\t<div class=\"elementor-element elementor-element-6a6ea1a8 elementor-widget elementor-widget-button\" data-id=\"6a6ea1a8\" data-element_type=\"widget\" data-widget_type=\"button.default\">\n\t\t\t\t<div class=\"elementor-widget-container\">\n\t\t\t\t\t\t\t\t\t<div class=\"elementor-button-wrapper\">\n\t\t\t\t\t<a class=\"elementor-button elementor-button-link elementor-size-sm elementor-animation-grow\" href=\"tel:+18778367340\">\n\t\t\t\t\t\t<span class=\"elementor-button-content-wrapper\">\n\t\t\t\t\t\t<span class=\"elementor-button-icon\">\n\t\t\t\t<svg aria-hidden=\"true\" class=\"e-font-icon-svg e-fas-phone-alt\" viewbox=\"0 0 512 512\" xmlns=\"http:\/\/www.w3.org\/2000\/svg\"><path d=\"M497.39 361.8l-112-48a24 24 0 0 0-28 6.9l-49.6 60.6A370.66 370.66 0 0 1 130.6 204.11l60.6-49.6a23.94 23.94 0 0 0 6.9-28l-48-112A24.16 24.16 0 0 0 122.6.61l-104 24A24 24 0 0 0 0 48c0 256.5 207.9 464 464 464a24 24 0 0 0 23.4-18.6l24-104a24.29 24.29 0 0 0-14.01-27.6z\"><\/path><\/svg>\t\t\t<\/span>\n\t\t\t\t\t\t\t\t\t<span class=\"elementor-button-text\">+1 877-836-7340<\/span>\n\t\t\t\t\t<\/span>\n\t\t\t\t\t<\/a>\n\t\t\t\t<\/div>\n\t\t\t\t\t\t\t\t<\/div>\n\t\t\t\t<\/div>\n\t\t\t\t<div class=\"elementor-element elementor-element-731e3464 elementor-widget elementor-widget-button\" data-id=\"731e3464\" data-element_type=\"widget\" data-widget_type=\"button.default\">\n\t\t\t\t<div class=\"elementor-widget-container\">\n\t\t\t\t\t\t\t\t\t<div class=\"elementor-button-wrapper\">\n\t\t\t\t\t<a class=\"elementor-button elementor-button-link elementor-size-sm elementor-animation-grow\" href=\"\/es\/contact\/\">\n\t\t\t\t\t\t<span class=\"elementor-button-content-wrapper\">\n\t\t\t\t\t\t<span class=\"elementor-button-icon\">\n\t\t\t\t<svg aria-hidden=\"true\" class=\"e-font-icon-svg e-far-envelope\" viewbox=\"0 0 512 512\" xmlns=\"http:\/\/www.w3.org\/2000\/svg\"><path d=\"M464 64H48C21.49 64 0 85.49 0 112v288c0 26.51 21.49 48 48 48h416c26.51 0 48-21.49 48-48V112c0-26.51-21.49-48-48-48zm0 48v40.805c-22.422 18.259-58.168 46.651-134.587 106.49-16.841 13.247-50.201 45.072-73.413 44.701-23.208.375-56.579-31.459-73.413-44.701C106.18 199.465 70.425 171.067 48 152.805V112h416zM48 400V214.398c22.914 18.251 55.409 43.862 104.938 82.646 21.857 17.205 60.134 55.186 103.062 54.955 42.717.231 80.509-37.199 103.053-54.947 49.528-38.783 82.032-64.401 104.947-82.653V400H48z\"><\/path><\/svg>\t\t\t<\/span>\n\t\t\t\t\t\t\t\t\t<span class=\"elementor-button-text\">Escr\u00edbenos<\/span>\n\t\t\t\t\t<\/span>\n\t\t\t\t\t<\/a>\n\t\t\t\t<\/div>\n\t\t\t\t\t\t\t\t<\/div>\n\t\t\t\t<\/div>\n\t\t\t\t<\/div>\n\t\t\t\t<div class=\"elementor-element elementor-element-5ce6a994 elementor-widget elementor-widget-heading\" data-id=\"5ce6a994\" data-element_type=\"widget\" data-widget_type=\"heading.default\">\n\t\t\t\t<div class=\"elementor-widget-container\">\n\t\t\t\t\t<p class=\"elementor-heading-title elementor-size-default\">Soporte telef\u00f3nico disponible: Lunes a Domingo, de 7:00 AM - Medianoche<\/p>\t\t\t\t<\/div>\n\t\t\t\t<\/div>\n\t\t\t\t\t<\/div>\n\t\t\t\t<\/div>\n\t\t\t\t<\/div>\n\t\t<\/div>\n\t\t\t\t\t\t<\/div>\n\t\t\t\t<\/div>\n\t\t\t\t<\/div>\n\t\t\t\t<\/div>","protected":false},"excerpt":{"rendered":"<p>Medicare Your Health Without Worries! If you\u2019re 65 or older or have a disability, Medicare provides health coverage, but\u2026 did &hellip; <\/p>","protected":false},"author":1,"featured_media":0,"parent":0,"menu_order":0,"comment_status":"closed","ping_status":"closed","template":"elementor_header_footer","meta":{"_coachify_sidebar_layout":"","footnotes":""},"class_list":["post-1723","page","type-page","status-publish","hentry","image-hover-transition-effect"],"yoast_head":"<!-- This site is optimized with the Yoast SEO plugin v26.0 - https:\/\/yoast.com\/wordpress\/plugins\/seo\/ -->\n<title>Medicare Insurance Plans | Medicare Coverage &amp; Benefits - Insurance2All<\/title>\n<meta name=\"description\" content=\"Explore comprehensive Medicare insurance plans in the USA with Insurance2All. Compare Advantage, Supplement &amp; Original Medicare options.\" \/>\n<meta name=\"robots\" content=\"index, follow, max-snippet:-1, max-image-preview:large, max-video-preview:-1\" \/>\n<link rel=\"canonical\" href=\"https:\/\/insurance2all.com\/es\/medicare\/\" \/>\n<meta property=\"og:locale\" content=\"es_ES\" \/>\n<meta property=\"og:type\" content=\"article\" \/>\n<meta property=\"og:title\" content=\"Medicare Insurance Plans | Medicare Coverage &amp; Benefits - Insurance2All\" \/>\n<meta property=\"og:description\" content=\"Explore comprehensive Medicare insurance plans in the USA with Insurance2All. Compare Advantage, Supplement &amp; Original Medicare options.\" \/>\n<meta property=\"og:url\" content=\"https:\/\/insurance2all.com\/es\/medicare\/\" \/>\n<meta property=\"og:site_name\" content=\"Insurance2All\" \/>\n<meta property=\"article:modified_time\" content=\"2025-09-15T17:32:36+00:00\" \/>\n<meta property=\"og:image\" content=\"https:\/\/insurance2all.com\/wp-content\/uploads\/2025\/03\/WhatsApp-Image-2025-03-10-at-12.51.09-PM.jpeg\" \/>\n\t<meta property=\"og:image:width\" content=\"1085\" \/>\n\t<meta property=\"og:image:height\" content=\"760\" \/>\n\t<meta property=\"og:image:type\" content=\"image\/jpeg\" \/>\n<meta name=\"twitter:card\" content=\"summary_large_image\" \/>\n<meta name=\"twitter:label1\" content=\"Tiempo de lectura\" \/>\n\t<meta name=\"twitter:data1\" content=\"1 minuto\" \/>\n<script type=\"application\/ld+json\" class=\"yoast-schema-graph\">{\"@context\":\"https:\/\/schema.org\",\"@graph\":[{\"@type\":\"WebPage\",\"@id\":\"https:\/\/insurance2all.com\/medicare\/\",\"url\":\"https:\/\/insurance2all.com\/medicare\/\",\"name\":\"Medicare Insurance Plans | Medicare Coverage & Benefits - Insurance2All\",\"isPartOf\":{\"@id\":\"https:\/\/insurance2all.com\/#website\"},\"primaryImageOfPage\":{\"@id\":\"https:\/\/insurance2all.com\/medicare\/#primaryimage\"},\"image\":{\"@id\":\"https:\/\/insurance2all.com\/medicare\/#primaryimage\"},\"thumbnailUrl\":\"https:\/\/insurance2all.com\/wp-content\/uploads\/2025\/03\/WhatsApp-Image-2025-03-10-at-12.51.09-PM-1024x717.jpeg\",\"datePublished\":\"2025-09-11T06:27:20+00:00\",\"dateModified\":\"2025-09-15T17:32:36+00:00\",\"description\":\"Explore comprehensive Medicare insurance plans in the USA with Insurance2All. Compare Advantage, Supplement & Original Medicare options.\",\"breadcrumb\":{\"@id\":\"https:\/\/insurance2all.com\/medicare\/#breadcrumb\"},\"inLanguage\":\"es\",\"potentialAction\":[{\"@type\":\"ReadAction\",\"target\":[\"https:\/\/insurance2all.com\/medicare\/\"]}]},{\"@type\":\"ImageObject\",\"inLanguage\":\"es\",\"@id\":\"https:\/\/insurance2all.com\/medicare\/#primaryimage\",\"url\":\"https:\/\/insurance2all.com\/wp-content\/uploads\/2025\/03\/WhatsApp-Image-2025-03-10-at-12.51.09-PM-1024x717.jpeg\",\"contentUrl\":\"https:\/\/insurance2all.com\/wp-content\/uploads\/2025\/03\/WhatsApp-Image-2025-03-10-at-12.51.09-PM-1024x717.jpeg\"},{\"@type\":\"BreadcrumbList\",\"@id\":\"https:\/\/insurance2all.com\/medicare\/#breadcrumb\",\"itemListElement\":[{\"@type\":\"ListItem\",\"position\":1,\"name\":\"Portada\",\"item\":\"https:\/\/insurance2all.com\/\"},{\"@type\":\"ListItem\",\"position\":2,\"name\":\"Medicare\"}]},{\"@type\":\"WebSite\",\"@id\":\"https:\/\/insurance2all.com\/#website\",\"url\":\"https:\/\/insurance2all.com\/\",\"name\":\"Insurance2All\",\"description\":\"Find affordable insurance plans for individuals, families, and companies. Get the best coverage today.\",\"publisher\":{\"@id\":\"https:\/\/insurance2all.com\/#organization\"},\"potentialAction\":[{\"@type\":\"SearchAction\",\"target\":{\"@type\":\"EntryPoint\",\"urlTemplate\":\"https:\/\/insurance2all.com\/?s={search_term_string}\"},\"query-input\":{\"@type\":\"PropertyValueSpecification\",\"valueRequired\":true,\"valueName\":\"search_term_string\"}}],\"inLanguage\":\"es\"},{\"@type\":\"Organization\",\"@id\":\"https:\/\/insurance2all.com\/#organization\",\"name\":\"Insurance2All\",\"url\":\"https:\/\/insurance2all.com\/\",\"logo\":{\"@type\":\"ImageObject\",\"inLanguage\":\"es\",\"@id\":\"https:\/\/insurance2all.com\/#\/schema\/logo\/image\/\",\"url\":\"https:\/\/insurance2all.com\/wp-content\/uploads\/2025\/02\/image0-2-3.png\",\"contentUrl\":\"https:\/\/insurance2all.com\/wp-content\/uploads\/2025\/02\/image0-2-3.png\",\"width\":726,\"height\":486,\"caption\":\"Insurance2All\"},\"image\":{\"@id\":\"https:\/\/insurance2all.com\/#\/schema\/logo\/image\/\"}}]}<\/script>\n<!-- \/ Yoast SEO plugin. -->","yoast_head_json":{"title":"Medicare Insurance Plans | Medicare Coverage & Benefits - Insurance2All","description":"Explore comprehensive Medicare insurance plans in the USA with Insurance2All. Compare Advantage, Supplement & Original Medicare options.","robots":{"index":"index","follow":"follow","max-snippet":"max-snippet:-1","max-image-preview":"max-image-preview:large","max-video-preview":"max-video-preview:-1"},"canonical":"https:\/\/insurance2all.com\/es\/medicare\/","og_locale":"es_ES","og_type":"article","og_title":"Medicare Insurance Plans | Medicare Coverage & Benefits - Insurance2All","og_description":"Explore comprehensive Medicare insurance plans in the USA with Insurance2All. Compare Advantage, Supplement & Original Medicare options.","og_url":"https:\/\/insurance2all.com\/es\/medicare\/","og_site_name":"Insurance2All","article_modified_time":"2025-09-15T17:32:36+00:00","og_image":[{"width":1085,"height":760,"url":"https:\/\/insurance2all.com\/wp-content\/uploads\/2025\/03\/WhatsApp-Image-2025-03-10-at-12.51.09-PM.jpeg","type":"image\/jpeg"}],"twitter_card":"summary_large_image","twitter_misc":{"Tiempo de lectura":"1 minuto"},"schema":{"@context":"https:\/\/schema.org","@graph":[{"@type":"WebPage","@id":"https:\/\/insurance2all.com\/medicare\/","url":"https:\/\/insurance2all.com\/medicare\/","name":"Medicare Insurance Plans | Medicare Coverage & Benefits - Insurance2All","isPartOf":{"@id":"https:\/\/insurance2all.com\/#website"},"primaryImageOfPage":{"@id":"https:\/\/insurance2all.com\/medicare\/#primaryimage"},"image":{"@id":"https:\/\/insurance2all.com\/medicare\/#primaryimage"},"thumbnailUrl":"https:\/\/insurance2all.com\/wp-content\/uploads\/2025\/03\/WhatsApp-Image-2025-03-10-at-12.51.09-PM-1024x717.jpeg","datePublished":"2025-09-11T06:27:20+00:00","dateModified":"2025-09-15T17:32:36+00:00","description":"Explore comprehensive Medicare insurance plans in the USA with Insurance2All. Compare Advantage, Supplement & Original Medicare options.","breadcrumb":{"@id":"https:\/\/insurance2all.com\/medicare\/#breadcrumb"},"inLanguage":"es","potentialAction":[{"@type":"ReadAction","target":["https:\/\/insurance2all.com\/medicare\/"]}]},{"@type":"ImageObject","inLanguage":"es","@id":"https:\/\/insurance2all.com\/medicare\/#primaryimage","url":"https:\/\/insurance2all.com\/wp-content\/uploads\/2025\/03\/WhatsApp-Image-2025-03-10-at-12.51.09-PM-1024x717.jpeg","contentUrl":"https:\/\/insurance2all.com\/wp-content\/uploads\/2025\/03\/WhatsApp-Image-2025-03-10-at-12.51.09-PM-1024x717.jpeg"},{"@type":"BreadcrumbList","@id":"https:\/\/insurance2all.com\/medicare\/#breadcrumb","itemListElement":[{"@type":"ListItem","position":1,"name":"Portada","item":"https:\/\/insurance2all.com\/"},{"@type":"ListItem","position":2,"name":"Medicare"}]},{"@type":"WebSite","@id":"https:\/\/insurance2all.com\/#website","url":"https:\/\/insurance2all.com\/","name":"Insurance2All","description":"Find affordable insurance plans for individuals, families, and companies. Get the best coverage today.","publisher":{"@id":"https:\/\/insurance2all.com\/#organization"},"potentialAction":[{"@type":"SearchAction","target":{"@type":"EntryPoint","urlTemplate":"https:\/\/insurance2all.com\/?s={search_term_string}"},"query-input":{"@type":"PropertyValueSpecification","valueRequired":true,"valueName":"search_term_string"}}],"inLanguage":"es"},{"@type":"Organization","@id":"https:\/\/insurance2all.com\/#organization","name":"Insurance2All","url":"https:\/\/insurance2all.com\/","logo":{"@type":"ImageObject","inLanguage":"es","@id":"https:\/\/insurance2all.com\/#\/schema\/logo\/image\/","url":"https:\/\/insurance2all.com\/wp-content\/uploads\/2025\/02\/image0-2-3.png","contentUrl":"https:\/\/insurance2all.com\/wp-content\/uploads\/2025\/02\/image0-2-3.png","width":726,"height":486,"caption":"Insurance2All"},"image":{"@id":"https:\/\/insurance2all.com\/#\/schema\/logo\/image\/"}}]}},"_links":{"self":[{"href":"https:\/\/insurance2all.com\/es\/wp-json\/wp\/v2\/pages\/1723","targetHints":{"allow":["GET"]}}],"collection":[{"href":"https:\/\/insurance2all.com\/es\/wp-json\/wp\/v2\/pages"}],"about":[{"href":"https:\/\/insurance2all.com\/es\/wp-json\/wp\/v2\/types\/page"}],"author":[{"embeddable":true,"href":"https:\/\/insurance2all.com\/es\/wp-json\/wp\/v2\/users\/1"}],"replies":[{"embeddable":true,"href":"https:\/\/insurance2all.com\/es\/wp-json\/wp\/v2\/comments?post=1723"}],"version-history":[{"count":57,"href":"https:\/\/insurance2all.com\/es\/wp-json\/wp\/v2\/pages\/1723\/revisions"}],"predecessor-version":[{"id":2548,"href":"https:\/\/insurance2all.com\/es\/wp-json\/wp\/v2\/pages\/1723\/revisions\/2548"}],"wp:attachment":[{"href":"https:\/\/insurance2all.com\/es\/wp-json\/wp\/v2\/media?parent=1723"}],"curies":[{"name":"wp","href":"https:\/\/api.w.org\/{rel}","templated":true}]}}